{"id":357,"date":"2023-08-15T17:37:57","date_gmt":"2023-08-15T17:37:57","guid":{"rendered":"https:\/\/ms-vilshofen.de\/?page_id=357"},"modified":"2023-08-15T17:44:07","modified_gmt":"2023-08-15T17:44:07","slug":"schulhunde","status":"publish","type":"page","link":"https:\/\/ms-vilshofen.de\/?page_id=357","title":{"rendered":"Schulhunde"},"content":{"rendered":"<p><div class=\"fusion-fullwidth fullwidth-box fusion-builder-row-1 fusion-flex-container has-pattern-background has-mask-background nonhundred-percent-fullwidth non-hundred-percent-height-scrolling\" style=\"--awb-border-radius-top-left:0px;--awb-border-radius-top-right:0px;--awb-border-radius-bottom-right:0px;--awb-border-radius-bottom-left:0px;--awb-flex-wrap:wrap;\" ><div class=\"fusion-builder-row fusion-row fusion-flex-align-items-flex-start fusion-flex-content-wrap\" style=\"max-width:1248px;margin-left: calc(-4% \/ 2 );margin-right: calc(-4% \/ 2 );\"><div class=\"fusion-layout-column fusion_builder_column fusion-builder-column-0 fusion_builder_column_1_1 1_1 fusion-flex-column\" style=\"--awb-bg-size:cover;--awb-width-large:100%;--awb-margin-top-large:0px;--awb-spacing-right-large:1.92%;--awb-margin-bottom-large:20px;--awb-spacing-left-large:1.92%;--awb-width-medium:100%;--awb-order-medium:0;--awb-spacing-right-medium:1.92%;--awb-spacing-left-medium:1.92%;--awb-width-small:100%;--awb-order-small:0;--awb-spacing-right-small:1.92%;--awb-spacing-left-small:1.92%;\"><div class=\"fusion-column-wrapper fusion-column-has-shadow fusion-flex-justify-content-flex-start fusion-content-layout-column\"><div class=\"fusion-text fusion-text-1\"><h6>Da wir an der Mittelschule St. Georg die Sch\u00fcler ganzheitlich f\u00f6rdern wollen, geh\u00f6rt auch der Umgang mit Hunden zu unserem Schulprofil. Unsere Schule hat davon gleich zwei!\u00a0Wilson, ein Mix aus Bayrischer Gebirgsschwei\u00dfhund und Sch\u00e4ferhund-Collie, ist schon seit mehreren Jahren an der Schule und ein \u00e4u\u00dferst freundlicher Hund. Er begleitet Herrn Edelmann in der 5d-PEP oder er bleibt auch einfach in seinem B\u00fcro.<\/h6>\n<\/div><div class=\"fusion-image-element \" style=\"text-align:center;--awb-caption-title-font-family:var(--h2_typography-font-family);--awb-caption-title-font-weight:var(--h2_typography-font-weight);--awb-caption-title-font-style:var(--h2_typography-font-style);--awb-caption-title-size:var(--h2_typography-font-size);--awb-caption-title-transform:var(--h2_typography-text-transform);--awb-caption-title-line-height:var(--h2_typography-line-height);--awb-caption-title-letter-spacing:var(--h2_typography-letter-spacing);\"><span class=\" fusion-imageframe imageframe-none imageframe-1 hover-type-none\"><img decoding=\"async\" width=\"400\" height=\"266\" title=\"cache_13805479\" src=\"https:\/\/ms-vilshofen.de\/wp-content\/uploads\/2023\/08\/cache_13805479-400x266.jpeg\" alt class=\"img-responsive wp-image-359\" srcset=\"https:\/\/ms-vilshofen.de\/wp-content\/uploads\/2023\/08\/cache_13805479-200x133.jpeg 200w, https:\/\/ms-vilshofen.de\/wp-content\/uploads\/2023\/08\/cache_13805479-400x266.jpeg 400w, https:\/\/ms-vilshofen.de\/wp-content\/uploads\/2023\/08\/cache_13805479.jpeg 407w\" sizes=\"(max-width: 640px) 100vw, 400px\" \/><\/span><\/div><div class=\"fusion-text fusion-text-2\"><h6 style=\"text-align: center;\">Schulhund &#8222;Wilson&#8220;<\/h6>\n<\/div><\/div><\/div><\/div><\/div><div class=\"fusion-fullwidth fullwidth-box fusion-builder-row-2 fusion-flex-container has-pattern-background has-mask-background nonhundred-percent-fullwidth non-hundred-percent-height-scrolling\" style=\"--awb-border-radius-top-left:0px;--awb-border-radius-top-right:0px;--awb-border-radius-bottom-right:0px;--awb-border-radius-bottom-left:0px;--awb-flex-wrap:wrap;\" ><div class=\"fusion-builder-row fusion-row fusion-flex-align-items-flex-start fusion-flex-content-wrap\" style=\"max-width:1248px;margin-left: calc(-4% \/ 2 );margin-right: calc(-4% \/ 2 );\"><div class=\"fusion-layout-column fusion_builder_column fusion-builder-column-1 fusion_builder_column_1_1 1_1 fusion-flex-column\" style=\"--awb-bg-size:cover;--awb-width-large:100%;--awb-margin-top-large:0px;--awb-spacing-right-large:1.92%;--awb-margin-bottom-large:20px;--awb-spacing-left-large:1.92%;--awb-width-medium:100%;--awb-order-medium:0;--awb-spacing-right-medium:1.92%;--awb-spacing-left-medium:1.92%;--awb-width-small:100%;--awb-order-small:0;--awb-spacing-right-small:1.92%;--awb-spacing-left-small:1.92%;\"><div class=\"fusion-column-wrapper fusion-column-has-shadow fusion-flex-justify-content-flex-start fusion-content-layout-column\"><div class=\"fusion-text fusion-text-3\"><h6>Der zweite Hund, Rover, hat vor kurzem seine Schulhundepr\u00fcfung bestanden und darf nun Frau Eggersdorfer, unsere Konrektorin, im Unterricht begleiten. Er liebt Kinder \u00fcber alles und deshalb ist er immer gl\u00fccklich, wenn er mit in die Schule darf. Als Chinesischer Schopfhund macht er Allergikern weniger Probleme, au\u00dferdem ist Rover ein eher kleiner Hund.<\/h6>\n<\/div><div class=\"fusion-image-element \" style=\"text-align:center;--awb-caption-title-font-family:var(--h2_typography-font-family);--awb-caption-title-font-weight:var(--h2_typography-font-weight);--awb-caption-title-font-style:var(--h2_typography-font-style);--awb-caption-title-size:var(--h2_typography-font-size);--awb-caption-title-transform:var(--h2_typography-text-transform);--awb-caption-title-line-height:var(--h2_typography-line-height);--awb-caption-title-letter-spacing:var(--h2_typography-letter-spacing);\"><span class=\" fusion-imageframe imageframe-none imageframe-2 hover-type-none\"><img decoding=\"async\" width=\"400\" height=\"404\" title=\"cache_13805558\" src=\"https:\/\/ms-vilshofen.de\/wp-content\/uploads\/2023\/08\/cache_13805558-400x404.jpg\" alt class=\"img-responsive wp-image-360\" srcset=\"https:\/\/ms-vilshofen.de\/wp-content\/uploads\/2023\/08\/cache_13805558-200x202.jpg 200w, https:\/\/ms-vilshofen.de\/wp-content\/uploads\/2023\/08\/cache_13805558-400x404.jpg 400w, https:\/\/ms-vilshofen.de\/wp-content\/uploads\/2023\/08\/cache_13805558.jpg 407w\" sizes=\"(max-width: 640px) 100vw, 400px\" \/><\/span><\/div><div class=\"fusion-text fusion-text-4\"><h6 style=\"text-align: center;\">Schulhund &#8222;Rover&#8220;<\/h6>\n<\/div><\/div><\/div><\/div><\/div><div class=\"fusion-fullwidth fullwidth-box fusion-builder-row-3 fusion-flex-container has-pattern-background has-mask-background nonhundred-percent-fullwidth non-hundred-percent-height-scrolling\" style=\"--awb-border-radius-top-left:0px;--awb-border-radius-top-right:0px;--awb-border-radius-bottom-right:0px;--awb-border-radius-bottom-left:0px;--awb-flex-wrap:wrap;\" ><div class=\"fusion-builder-row fusion-row fusion-flex-align-items-flex-start fusion-flex-content-wrap\" style=\"max-width:1248px;margin-left: calc(-4% \/ 2 );margin-right: calc(-4% \/ 2 );\"><div class=\"fusion-layout-column fusion_builder_column fusion-builder-column-2 fusion_builder_column_1_1 1_1 fusion-flex-column\" style=\"--awb-bg-size:cover;--awb-width-large:100%;--awb-margin-top-large:0px;--awb-spacing-right-large:1.92%;--awb-margin-bottom-large:20px;--awb-spacing-left-large:1.92%;--awb-width-medium:100%;--awb-order-medium:0;--awb-spacing-right-medium:1.92%;--awb-spacing-left-medium:1.92%;--awb-width-small:100%;--awb-order-small:0;--awb-spacing-right-small:1.92%;--awb-spacing-left-small:1.92%;\"><div class=\"fusion-column-wrapper fusion-column-has-shadow fusion-flex-justify-content-flex-start fusion-content-layout-column\"><div class=\"fusion-text fusion-text-5\"><h6>Beide Hunde werden nat\u00fcrlich regelm\u00e4\u00dfig \u00e4rztlich untersucht und entwurmt \u2013 Rover muss zu seinem Leidwesen auch zum Hundefris\u00f6r &#8211; beide leben zusammen mit ihrem Rudel bei ihren Familien zu Hause.<\/h6>\n<h6>Rover und Wilson teilen sich die Arbeit, so dass sich jeden Tag immer nur ein Hund in der Schule aufh\u00e4lt.<\/h6>\n<\/div><\/div><\/div><\/div><\/div><\/p>\n","protected":false},"excerpt":{"rendered":"","protected":false},"author":1,"featured_media":0,"parent":0,"menu_order":0,"comment_status":"closed","ping_status":"closed","template":"100-width.php","meta":{"footnotes":""},"class_list":["post-357","page","type-page","status-publish","hentry"],"_links":{"self":[{"href":"https:\/\/ms-vilshofen.de\/index.php?rest_route=\/wp\/v2\/pages\/357","targetHints":{"allow":["GET"]}}],"collection":[{"href":"https:\/\/ms-vilshofen.de\/index.php?rest_route=\/wp\/v2\/pages"}],"about":[{"href":"https:\/\/ms-vilshofen.de\/index.php?rest_route=\/wp\/v2\/types\/page"}],"author":[{"embeddable":true,"href":"https:\/\/ms-vilshofen.de\/index.php?rest_route=\/wp\/v2\/users\/1"}],"replies":[{"embeddable":true,"href":"https:\/\/ms-vilshofen.de\/index.php?rest_route=%2Fwp%2Fv2%2Fcomments&post=357"}],"version-history":[{"count":3,"href":"https:\/\/ms-vilshofen.de\/index.php?rest_route=\/wp\/v2\/pages\/357\/revisions"}],"predecessor-version":[{"id":364,"href":"https:\/\/ms-vilshofen.de\/index.php?rest_route=\/wp\/v2\/pages\/357\/revisions\/364"}],"wp:attachment":[{"href":"https:\/\/ms-vilshofen.de\/index.php?rest_route=%2Fwp%2Fv2%2Fmedia&parent=357"}],"curies":[{"name":"wp","href":"https:\/\/api.w.org\/{rel}","templated":true}]}}